{"id":727,"date":"2025-07-01T14:16:42","date_gmt":"2025-07-01T14:16:42","guid":{"rendered":"https:\/\/ledzerrodriguez.com\/?page_id=727"},"modified":"2025-07-14T16:17:09","modified_gmt":"2025-07-14T16:17:09","slug":"quien-soy","status":"publish","type":"page","link":"https:\/\/ledzerrodriguez.com\/?page_id=727","title":{"rendered":"\u00bfQui\u00e9n soy?"},"content":{"rendered":"\t\t<div data-elementor-type=\"wp-page\" data-elementor-id=\"727\" class=\"elementor elementor-727\" data-elementor-post-type=\"page\">\n\t\t\t\t<div class=\"elementor-element elementor-element-23f791b e-flex e-con-boxed wpr-particle-no wpr-jarallax-no wpr-parallax-no wpr-sticky-section-no e-con e-parent\" data-id=\"23f791b\" data-element_type=\"container\">\n\t\t\t\t\t<div class=\"e-con-inner\">\n\t\t\t\t<div class=\"elementor-element elementor-element-d18352f elementor-widget elementor-widget-image\" data-id=\"d18352f\" data-element_type=\"widget\" data-widget_type=\"image.default\">\n\t\t\t\t<div class=\"elementor-widget-container\">\n\t\t\t\t\t\t\t\t\t\t\t\t\t\t\t<img fetchpriority=\"high\" decoding=\"async\" width=\"1024\" height=\"499\" src=\"https:\/\/ledzerrodriguez.com\/wp-content\/uploads\/2025\/07\/Foto-header-1024x499.jpg\" class=\"attachment-large size-large wp-image-790\" alt=\"\" srcset=\"https:\/\/ledzerrodriguez.com\/wp-content\/uploads\/2025\/07\/Foto-header-1024x499.jpg 1024w, https:\/\/ledzerrodriguez.com\/wp-content\/uploads\/2025\/07\/Foto-header-300x146.jpg 300w, https:\/\/ledzerrodriguez.com\/wp-content\/uploads\/2025\/07\/Foto-header-768x374.jpg 768w, https:\/\/ledzerrodriguez.com\/wp-content\/uploads\/2025\/07\/Foto-header-1536x748.jpg 1536w, https:\/\/ledzerrodriguez.com\/wp-content\/uploads\/2025\/07\/Foto-header-2048x997.jpg 2048w, https:\/\/ledzerrodriguez.com\/wp-content\/uploads\/2025\/07\/Foto-header-800x390.jpg 800w\" sizes=\"(max-width: 1024px) 100vw, 1024px\" \/>\t\t\t\t\t\t\t\t\t\t\t\t\t\t\t<\/div>\n\t\t\t\t<\/div>\n\t\t\t\t\t<\/div>\n\t\t\t\t<\/div>\n\t\t<div class=\"elementor-element elementor-element-88f2fb5 e-flex e-con-boxed wpr-particle-no wpr-jarallax-no wpr-parallax-no wpr-sticky-section-no e-con e-parent\" data-id=\"88f2fb5\" data-element_type=\"container\">\n\t\t\t\t\t<div class=\"e-con-inner\">\n\t\t<div class=\"elementor-element elementor-element-a061482 e-grid e-con-full wpr-particle-no wpr-jarallax-no wpr-parallax-no wpr-sticky-section-no e-con e-child\" data-id=\"a061482\" data-element_type=\"container\">\n\t\t\t\t<div class=\"elementor-element elementor-element-e19c29a elementor-widget elementor-widget-text-editor\" data-id=\"e19c29a\" data-element_type=\"widget\" data-widget_type=\"text-editor.default\">\n\t\t\t\t<div class=\"elementor-widget-container\">\n\t\t\t\t\t\t\t\t\t<p>\ud835\udc03\ud835\udc22\ud835\udc2b\ud835\udc1e\ud835\udc1c\ud835\udc2d\ud835\udc28\ud835\udc2b \ud835\udc02\ud835\udc2b\ud835\udc1e\ud835\udc1a\ud835\udc2d\ud835\udc22\ud835\udc2f\ud835\udc28 | \ud835\udc04\ud835\udc2c\ud835\udc29\ud835\udc1e\ud835\udc1c\ud835\udc22\ud835\udc1a\ud835\udc25\ud835\udc22\ud835\udc2c\ud835\udc2d\ud835\udc1a \ud835\udc1e\ud835\udc27 \ud835\udc1c\ud835\udc2b\ud835\udc1e\ud835\udc1a\ud835\udc1c\ud835\udc22\u00f3\ud835\udc27 \ud835\udc1d\ud835\udc1e \ud835\udc1c\ud835\udc28\ud835\udc27\ud835\udc2d\ud835\udc1e\ud835\udc27\ud835\udc22\ud835\udc1d\ud835\udc28 \ud835\udc1c\ud835\udc28\ud835\udc27 \ud835\udc08\ud835\udc00 | \ud835\udc0f\ud835\udc2b\ud835\udc28\ud835\udc1d\ud835\udc2e\ud835\udc1c\ud835\udc2d\ud835\udc28\ud835\udc2b \ud835\udc1a\ud835\udc2e\ud835\udc1d\ud835\udc22\ud835\udc28\ud835\udc2f\ud835\udc22\ud835\udc2c\ud835\udc2e\ud835\udc1a\ud835\udc25.<\/p>\n<p>En mis 15 a\u00f1os de experiencia, he liderado proyectos creativos para marcas \ud835\udc012\ud835\udc01 \ud835\udc32 \ud835\udc012\ud835\udc02 nacionales e internacionales, combinando estrategia, narrativas visuales y tecnolog\u00eda. como generalista, he desempe\u00f1ado roles desde \ud835\udc1d\ud835\udc22\ud835\udc2c\ud835\udc1e\u00f1\ud835\udc1a\ud835\udc1d\ud835\udc28\ud835\udc2b \ud835\udc2c\ud835\udc1e\ud835\udc27\ud835\udc22\ud835\udc28\ud835\udc2b. \ud835\udc07\ud835\udc1a\ud835\udc2c\ud835\udc2d\ud835\udc1a \ud835\udc1d\ud835\udc22\ud835\udc2b\ud835\udc1e\ud835\udc1c\ud835\udc2d\ud835\udc28\ud835\udc2b \ud835\udc1c\ud835\udc2b\ud835\udc1e\ud835\udc1a\ud835\udc2d\ud835\udc22\ud835\udc2f\ud835\udc28, lo que me otorga una visi\u00f3n integral y adaptable en cada proyecto.<\/p>\n<p>He dirigido equipos multidisciplinarios, supervisando \ud835\udc1c\ud835\udc1a\ud835\udc26\ud835\udc29\ud835\udc1a\u00f1\ud835\udc1a\ud835\udc2c \ud835\udc29\ud835\udc2e\ud835\udc1b\ud835\udc25\ud835\udc22\ud835\udc1c\ud835\udc22\ud835\udc2d\ud835\udc1a\ud835\udc2b\ud835\udc22\ud835\udc1a\ud835\udc2c y asegurando resultados excepcionales en calidad y tiempo. domino la conceptualizaci\u00f3n y ejecuci\u00f3n de estrategias de contenido digital para \ud835\udc2b\ud835\udc1e\ud835\udc1d\ud835\udc1e\ud835\udc2c \ud835\udc2c\ud835\udc28\ud835\udc1c\ud835\udc22\ud835\udc1a\ud835\udc25\ud835\udc1e\ud835\udc2c, \ud835\udc1b\ud835\udc25\ud835\udc28\ud835\udc20\ud835\udc2c \ud835\udc32 \ud835\udc29\ud835\udc25\ud835\udc1a\ud835\udc2d\ud835\udc1a\ud835\udc1f\ud835\udc28\ud835\udc2b\ud835\udc26\ud835\udc1a\ud835\udc2c \ud835\udc1e\ud835\udc02\ud835\udc28\ud835\udc26\ud835\udc26\ud835\udc1e\ud835\udc2b\ud835\udc1c\ud835\udc1e, alineadas con objetivos comerciales.<\/p>\n<p>Adem\u00e1s, cuento con experiencia en la implementaci\u00f3n de flujos de trabajo basados en ia, adapt\u00e1ndome a las \u00faltimas tendencias del sector. utilizo herramientas de inteligencia artificial como \ud835\udc02\ud835\udc21\ud835\udc1a\ud835\udc2d\ud835\udc06\ud835\udc0f\ud835\udc13, \ud835\udc0c\ud835\udc1a\ud835\udc24\ud835\udc1e, \ud835\udc00\ud835\udc1d\ud835\udc28\ud835\udc1b\ud835\udc1e \ud835\udc02\ud835\udc2b\ud835\udc1e\ud835\udc1a\ud835\udc2d\ud835\udc22\ud835\udc2f\ud835\udc1e \ud835\udc12\ud835\udc2e\ud835\udc22\ud835\udc2d\ud835\udc1e, \ud835\udc00\ud835\udc1d\ud835\udc28\ud835\udc1b\ud835\udc1e \ud835\udc05\ud835\udc22\ud835\udc2b\ud835\udc1e\ud835\udc1f\ud835\udc25\ud835\udc32, \ud835\udc07\ud835\udc1e\ud835\udc32\ud835\udc20\ud835\udc1e\ud835\udc27, \ud835\udc0c\ud835\udc22\ud835\udc1d\ud835\udc23\ud835\udc28\ud835\udc2e\ud835\udc2b\ud835\udc27\ud835\udc1e\ud835\udc32, \ud835\udc02\ud835\udc25\ud835\udc28\ud835\udc2e\ud835\udc1d\ud835\udc1e, \ud835\udc06\ud835\udc1e\ud835\udc26\ud835\udc22\ud835\udc27\ud835\udc22, \ud835\udc04\ud835\udc25\ud835\udc1e\ud835\udc2f\ud835\udc1e\ud835\udc27 \ud835\udc0b\ud835\udc1a\ud835\udc1b\ud835\udc2c, \ud835\udc05\ud835\udc25\ud835\udc2e\ud835\udc31, \ud835\udc0b\ud835\udc28\ud835\udc2b\ud835\udc1a \ud835\udc32 \ud835\udc11\ud835\udc2e\ud835\udc27\ud835\udc30\ud835\udc1a\ud835\udc32 para optimizar procesos y crear contenido innovador (\ud835\udc0f\ud835\udc28\ud835\udc1d\ud835\udc1c\ud835\udc1a\ud835\udc2c\ud835\udc2d, \ud835\udc1c\ud835\udc25\ud835\udc28\ud835\udc27\ud835\udc1e\ud835\udc2c \ud835\udc28 \ud835\udc1a\ud835\udc2f\ud835\udc1a\ud835\udc2d\ud835\udc1a\ud835\udc2b \ud835\udc1d\ud835\udc22\ud835\udc20\ud835\udc22\ud835\udc2d\ud835\udc1a\ud835\udc25\ud835\udc1e\ud835\udc2c, \ud835\udc30\ud835\udc1e\ud835\udc1b\ud835\udc22\ud835\udc27\ud835\udc1a\ud835\udc2b, \ud835\udc25\ud835\udc22\ud835\udc2f\ud835\udc1e\ud835\udc2c, \ud835\udc2f\ud835\udc22\ud835\udc1d\ud835\udc1e\ud835\udc28\ud835\udc2c \ud835\udc1c\ud835\udc28\ud835\udc2b\ud835\udc29\ud835\udc28\ud835\udc2b\ud835\udc1a\ud835\udc2d\ud835\udc22\ud835\udc2f\ud835\udc28\ud835\udc2c, \ud835\udc2f\ud835\udc22\ud835\udc1d\ud835\udc1e\ud835\udc28\ud835\udc2c \ud835\udc29\ud835\udc1a\ud835\udc2b\ud835\udc1a \ud835\udc29\ud835\udc1a\ud835\udc2e\ud835\udc2d\ud835\udc1a).<\/p>\n<p>Mi enfoque combina m\u00e9todos tradicionales como brainstorming y brief review con t\u00e9cnicas modernas, abarcando dise\u00f1o gr\u00e1fico, \ud835\udc1d\ud835\udc22\ud835\udc2c\ud835\udc1e\u00f1\ud835\udc28 \ud835\udc20\ud835\udc2b\u00e1\ud835\udc1f\ud835\udc22\ud835\udc1c\ud835\udc28, \ud835\udc04\ud835\udc1d\ud835\udc22\ud835\udc1c\ud835\udc22\u00f3\ud835\udc27 \ud835\udc1d\ud835\udc1e \ud835\udc2f\ud835\udc22\ud835\udc1d\ud835\udc1e\ud835\udc28, \ud835\udc1d\ud835\udc22\ud835\udc2c\ud835\udc1e\u00f1\ud835\udc28 \ud835\udc30\ud835\udc1e\ud835\udc1b, \ud835\udc01\ud835\udc2b\ud835\udc1a\ud835\udc27\ud835\udc1d\ud835\udc22\ud835\udc27\ud835\udc20, \ud835\udc26\ud835\udc28\ud835\udc2d\ud835\udc22\ud835\udc28\ud835\udc27 \ud835\udc20\ud835\udc2b\ud835\udc1a\ud835\udc29\ud835\udc21\ud835\udc22\ud835\udc1c\ud835\udc2c y \ud835\udc1a\ud835\udc2f\ud835\udc1a\ud835\udc2d\ud835\udc1a\ud835\udc2b\ud835\udc1e\ud835\udc2c \ud835\udc1d\ud835\udc22\ud835\udc20\ud835\udc22\ud835\udc2d\ud835\udc1a\ud835\udc25\ud835\udc1e\ud835\udc2c, para conectar con las audiencias y lograr resultados impactantes.<\/p>\n<p>Apasionado por la \ud835\udc1c\ud835\udc2b\ud835\udc1e\ud835\udc1a\ud835\udc2d\ud835\udc22\ud835\udc2f\ud835\udc22\ud835\udc1d\ud835\udc1a\ud835\udc1d y la \ud835\udc22\ud835\udc27\ud835\udc27\ud835\udc28\ud835\udc2f\ud835\udc1a\ud835\udc1c\ud835\udc22\u00f3\ud835\udc27, combino \ud835\uddf9\ud835\uddf6\ud835\uddf1\ud835\uddf2\ud835\uddff\ud835\uddee\ud835\ude07\ud835\uddf4\ud835\uddfc \ud835\uddf2\ud835\uddf3\ud835\uddf2\ud835\uddf0\ud835\ude01\ud835\uddf6\ud835\ude03\ud835\uddfc, \ud835\uddf0\ud835\uddfc\ud835\uddfa\ud835\ude02\ud835\uddfb\ud835\uddf6\ud835\uddf0\ud835\uddee\ud835\uddf0\ud835\uddf6\u00f3\ud835\uddfb \ud835\uddf2\ud835\ude00\ud835\ude01\ud835\uddff\ud835\uddee\ud835\ude01\u00e9\ud835\uddf4\ud835\uddf6\ud835\uddf0\ud835\uddee y habilidades organizativas para transformar ideas en campa\u00f1as ic\u00f3nicas.<\/p>\n<p><!-- \/wp:paragraph --><\/p>\t\t\t\t\t\t\t\t<\/div>\n\t\t\t\t<\/div>\n\t\t\t\t<\/div>\n\t\t\t\t\t<\/div>\n\t\t\t\t<\/div>\n\t\t\t\t<\/div>\n\t\t","protected":false},"excerpt":{"rendered":"<p>\ud835\udc03\ud835\udc22\ud835\udc2b\ud835\udc1e\ud835\udc1c\ud835\udc2d\ud835\udc28\ud835\udc2b \ud835\udc02\ud835\udc2b\ud835\udc1e\ud835\udc1a\ud835\udc2d\ud835\udc22\ud835\udc2f\ud835\udc28 | \ud835\udc04\ud835\udc2c\ud835\udc29\ud835\udc1e\ud835\udc1c\ud835\udc22\ud835\udc1a\ud835\udc25\ud835\udc22\ud835\udc2c\ud835\udc2d\ud835\udc1a \ud835\udc1e\ud835\udc27 \ud835\udc1c\ud835\udc2b\ud835\udc1e\ud835\udc1a\ud835\udc1c\ud835\udc22\u00f3\ud835\udc27 \ud835\udc1d\ud835\udc1e \ud835\udc1c\ud835\udc28\ud835\udc27\ud835\udc2d\ud835\udc1e\ud835\udc27\ud835\udc22\ud835\udc1d\ud835\udc28 \ud835\udc1c\ud835\udc28\ud835\udc27 \ud835\udc08\ud835\udc00 | \ud835\udc0f\ud835\udc2b\ud835\udc28\ud835\udc1d\ud835\udc2e\ud835\udc1c\ud835\udc2d\ud835\udc28\ud835\udc2b \ud835\udc1a\ud835\udc2e\ud835\udc1d\ud835\udc22\ud835\udc28\ud835\udc2f\ud835\udc22\ud835\udc2c\ud835\udc2e\ud835\udc1a\ud835\udc25. En mis 15 a\u00f1os de experiencia, he liderado proyectos creativos para marcas \ud835\udc012\ud835\udc01 \ud835\udc32 \ud835\udc012\ud835\udc02 nacionales e internacionales, combinando estrategia, narrativas visuales y tecnolog\u00eda. como generalista, he desempe\u00f1ado roles desde \ud835\udc1d\ud835\udc22\ud835\udc2c\ud835\udc1e\u00f1\ud835\udc1a\ud835\udc1d\ud835\udc28\ud835\udc2b \ud835\udc2c\ud835\udc1e\ud835\udc27\ud835\udc22\ud835\udc28\ud835\udc2b. \ud835\udc07\ud835\udc1a\ud835\udc2c\ud835\udc2d\ud835\udc1a \ud835\udc1d\ud835\udc22\ud835\udc2b\ud835\udc1e\ud835\udc1c\ud835\udc2d\ud835\udc28\ud835\udc2b \ud835\udc1c\ud835\udc2b\ud835\udc1e\ud835\udc1a\ud835\udc2d\ud835\udc22\ud835\udc2f\ud835\udc28, lo que me otorga una visi\u00f3n integral y adaptable en cada proyecto. He dirigido equipos multidisciplinarios, supervisando \ud835\udc1c\ud835\udc1a\ud835\udc26\ud835\udc29\ud835\udc1a\u00f1\ud835\udc1a\ud835\udc2c \ud835\udc29\ud835\udc2e\ud835\udc1b\ud835\udc25\ud835\udc22\ud835\udc1c\ud835\udc22\ud835\udc2d\ud835\udc1a\ud835\udc2b\ud835\udc22\ud835\udc1a\ud835\udc2c y asegurando resultados excepcionales en calidad y tiempo. domino la conceptualizaci\u00f3n y ejecuci\u00f3n de estrategias de contenido digital para \ud835\udc2b\ud835\udc1e\ud835\udc1d\ud835\udc1e\ud835\udc2c \ud835\udc2c\ud835\udc28\ud835\udc1c\ud835\udc22\ud835\udc1a\ud835\udc25\ud835\udc1e\ud835\udc2c, \ud835\udc1b\ud835\udc25\ud835\udc28\ud835\udc20\ud835\udc2c \ud835\udc32 \ud835\udc29\ud835\udc25\ud835\udc1a\ud835\udc2d\ud835\udc1a\ud835\udc1f\ud835\udc28\ud835\udc2b\ud835\udc26\ud835\udc1a\ud835\udc2c \ud835\udc1e\ud835\udc02\ud835\udc28\ud835\udc26\ud835\udc26\ud835\udc1e\ud835\udc2b\ud835\udc1c\ud835\udc1e, alineadas con objetivos comerciales. Adem\u00e1s, cuento con experiencia en la implementaci\u00f3n de flujos de trabajo basados en ia, adapt\u00e1ndome a las \u00faltimas tendencias del sector. utilizo herramientas de inteligencia artificial como \ud835\udc02\ud835\udc21\ud835\udc1a\ud835\udc2d\ud835\udc06\ud835\udc0f\ud835\udc13, \ud835\udc0c\ud835\udc1a\ud835\udc24\ud835\udc1e, \ud835\udc00\ud835\udc1d\ud835\udc28\ud835\udc1b\ud835\udc1e \ud835\udc02\ud835\udc2b\ud835\udc1e\ud835\udc1a\ud835\udc2d\ud835\udc22\ud835\udc2f\ud835\udc1e \ud835\udc12\ud835\udc2e\ud835\udc22\ud835\udc2d\ud835\udc1e, \ud835\udc00\ud835\udc1d\ud835\udc28\ud835\udc1b\ud835\udc1e \ud835\udc05\ud835\udc22\ud835\udc2b\ud835\udc1e\ud835\udc1f\ud835\udc25\ud835\udc32, \ud835\udc07\ud835\udc1e\ud835\udc32\ud835\udc20\ud835\udc1e\ud835\udc27, \ud835\udc0c\ud835\udc22\ud835\udc1d\ud835\udc23\ud835\udc28\ud835\udc2e\ud835\udc2b\ud835\udc27\ud835\udc1e\ud835\udc32, \ud835\udc02\ud835\udc25\ud835\udc28\ud835\udc2e\ud835\udc1d\ud835\udc1e, \ud835\udc06\ud835\udc1e\ud835\udc26\ud835\udc22\ud835\udc27\ud835\udc22, \ud835\udc04\ud835\udc25\ud835\udc1e\ud835\udc2f\ud835\udc1e\ud835\udc27 \ud835\udc0b\ud835\udc1a\ud835\udc1b\ud835\udc2c, \ud835\udc05\ud835\udc25\ud835\udc2e\ud835\udc31, \ud835\udc0b\ud835\udc28\ud835\udc2b\ud835\udc1a \ud835\udc32 \ud835\udc11\ud835\udc2e\ud835\udc27\ud835\udc30\ud835\udc1a\ud835\udc32 para optimizar procesos y crear contenido innovador (\ud835\udc0f\ud835\udc28\ud835\udc1d\ud835\udc1c\ud835\udc1a\ud835\udc2c\ud835\udc2d, \ud835\udc1c\ud835\udc25\ud835\udc28\ud835\udc27\ud835\udc1e\ud835\udc2c \ud835\udc28 \ud835\udc1a\ud835\udc2f\ud835\udc1a\ud835\udc2d\ud835\udc1a\ud835\udc2b \ud835\udc1d\ud835\udc22\ud835\udc20\ud835\udc22\ud835\udc2d\ud835\udc1a\ud835\udc25\ud835\udc1e\ud835\udc2c, \ud835\udc30\ud835\udc1e\ud835\udc1b\ud835\udc22\ud835\udc27\ud835\udc1a\ud835\udc2b, \ud835\udc25\ud835\udc22\ud835\udc2f\ud835\udc1e\ud835\udc2c, \ud835\udc2f\ud835\udc22\ud835\udc1d\ud835\udc1e\ud835\udc28\ud835\udc2c \ud835\udc1c\ud835\udc28\ud835\udc2b\ud835\udc29\ud835\udc28\ud835\udc2b\ud835\udc1a\ud835\udc2d\ud835\udc22\ud835\udc2f\ud835\udc28\ud835\udc2c, \ud835\udc2f\ud835\udc22\ud835\udc1d\ud835\udc1e\ud835\udc28\ud835\udc2c \ud835\udc29\ud835\udc1a\ud835\udc2b\ud835\udc1a \ud835\udc29\ud835\udc1a\ud835\udc2e\ud835\udc2d\ud835\udc1a). Mi enfoque combina m\u00e9todos tradicionales como brainstorming y brief review con t\u00e9cnicas modernas, abarcando dise\u00f1o gr\u00e1fico, \ud835\udc1d\ud835\udc22\ud835\udc2c\ud835\udc1e\u00f1\ud835\udc28 \ud835\udc20\ud835\udc2b\u00e1\ud835\udc1f\ud835\udc22\ud835\udc1c\ud835\udc28, \ud835\udc04\ud835\udc1d\ud835\udc22\ud835\udc1c\ud835\udc22\u00f3\ud835\udc27 \ud835\udc1d\ud835\udc1e \ud835\udc2f\ud835\udc22\ud835\udc1d\ud835\udc1e\ud835\udc28, \ud835\udc1d\ud835\udc22\ud835\udc2c\ud835\udc1e\u00f1\ud835\udc28 \ud835\udc30\ud835\udc1e\ud835\udc1b, \ud835\udc01\ud835\udc2b\ud835\udc1a\ud835\udc27\ud835\udc1d\ud835\udc22\ud835\udc27\ud835\udc20, \ud835\udc26\ud835\udc28\ud835\udc2d\ud835\udc22\ud835\udc28\ud835\udc27 \ud835\udc20\ud835\udc2b\ud835\udc1a\ud835\udc29\ud835\udc21\ud835\udc22\ud835\udc1c\ud835\udc2c y \ud835\udc1a\ud835\udc2f\ud835\udc1a\ud835\udc2d\ud835\udc1a\ud835\udc2b\ud835\udc1e\ud835\udc2c \ud835\udc1d\ud835\udc22\ud835\udc20\ud835\udc22\ud835\udc2d\ud835\udc1a\ud835\udc25\ud835\udc1e\ud835\udc2c, para conectar con las audiencias y lograr resultados impactantes. Apasionado por la \ud835\udc1c\ud835\udc2b\ud835\udc1e\ud835\udc1a\ud835\udc2d\ud835\udc22\ud835\udc2f\ud835\udc22\ud835\udc1d\ud835\udc1a\ud835\udc1d y la \ud835\udc22\ud835\udc27\ud835\udc27\ud835\udc28\ud835\udc2f\ud835\udc1a\ud835\udc1c\ud835\udc22\u00f3\ud835\udc27, combino \ud835\uddf9\ud835\uddf6\ud835\uddf1\ud835\uddf2\ud835\uddff\ud835\uddee\ud835\ude07\ud835\uddf4\ud835\uddfc \ud835\uddf2\ud835\uddf3\ud835\uddf2\ud835\uddf0\ud835\ude01\ud835\uddf6\ud835\ude03\ud835\uddfc, \ud835\uddf0\ud835\uddfc\ud835\uddfa\ud835\ude02\ud835\uddfb\ud835\uddf6\ud835\uddf0\ud835\uddee\ud835\uddf0\ud835\uddf6\u00f3\ud835\uddfb \ud835\uddf2\ud835\ude00\ud835\ude01\ud835\uddff\ud835\uddee\ud835\ude01\u00e9\ud835\uddf4\ud835\uddf6\ud835\uddf0\ud835\uddee y habilidades organizativas para transformar ideas en campa\u00f1as ic\u00f3nicas.<\/p>\n","protected":false},"author":1,"featured_media":833,"parent":0,"menu_order":0,"comment_status":"closed","ping_status":"closed","template":"","meta":{"footnotes":""},"class_list":["post-727","page","type-page","status-publish","has-post-thumbnail","hentry","has-thumbnail"],"yoast_head":"<!-- This site is optimized with the Yoast SEO plugin v25.4 - https:\/\/yoast.com\/wordpress\/plugins\/seo\/ -->\n<title>\u00bfQui\u00e9n soy?<\/title>\n<meta name=\"description\" content=\"\u00bfQui\u00e9n soy? Dise\u00f1ador gr\u00e1fico, IA content creator &amp; productor audiovisual, llevo 13 a\u00f1os llevando a la realidad, las ideas m\u00e1s locas.\" \/>\n<meta name=\"robots\" content=\"index, follow, max-snippet:-1, max-image-preview:large, max-video-preview:-1\" \/>\n<link rel=\"canonical\" href=\"https:\/\/ledzerrodriguez.com\/?page_id=727\" \/>\n<meta property=\"og:locale\" content=\"es_ES\" \/>\n<meta property=\"og:type\" content=\"article\" \/>\n<meta property=\"og:title\" content=\"\u00bfQui\u00e9n soy?\" \/>\n<meta property=\"og:description\" content=\"\u00bfQui\u00e9n soy? Dise\u00f1ador gr\u00e1fico, IA content creator &amp; productor audiovisual, llevo 13 a\u00f1os llevando a la realidad, las ideas m\u00e1s locas.\" \/>\n<meta property=\"og:url\" content=\"https:\/\/ledzerrodriguez.com\/?page_id=727\" \/>\n<meta property=\"og:site_name\" content=\"Creatividad Irreverente\" \/>\n<meta property=\"article:modified_time\" content=\"2025-07-14T16:17:09+00:00\" \/>\n<meta property=\"og:image\" content=\"https:\/\/ledzerrodriguez.com\/wp-content\/uploads\/2025\/07\/La-ruta-para-hacer-brillar-tu-tienda-online7.jpg\" \/>\n\t<meta property=\"og:image:width\" content=\"2560\" \/>\n\t<meta property=\"og:image:height\" content=\"1440\" \/>\n\t<meta property=\"og:image:type\" content=\"image\/jpeg\" \/>\n<meta name=\"twitter:card\" content=\"summary_large_image\" \/>\n<meta name=\"twitter:label1\" content=\"Tiempo de lectura\" \/>\n\t<meta name=\"twitter:data1\" content=\"2 minutos\" \/>\n<script type=\"application\/ld+json\" class=\"yoast-schema-graph\">{\"@context\":\"https:\/\/schema.org\",\"@graph\":[{\"@type\":\"WebPage\",\"@id\":\"https:\/\/ledzerrodriguez.com\/?page_id=727\",\"url\":\"https:\/\/ledzerrodriguez.com\/?page_id=727\",\"name\":\"\u00bfQui\u00e9n soy?\",\"isPartOf\":{\"@id\":\"https:\/\/ledzerrodriguez.com\/#website\"},\"primaryImageOfPage\":{\"@id\":\"https:\/\/ledzerrodriguez.com\/?page_id=727#primaryimage\"},\"image\":{\"@id\":\"https:\/\/ledzerrodriguez.com\/?page_id=727#primaryimage\"},\"thumbnailUrl\":\"https:\/\/ledzerrodriguez.com\/wp-content\/uploads\/2025\/07\/La-ruta-para-hacer-brillar-tu-tienda-online7.jpg\",\"datePublished\":\"2025-07-01T14:16:42+00:00\",\"dateModified\":\"2025-07-14T16:17:09+00:00\",\"description\":\"\u00bfQui\u00e9n soy? Dise\u00f1ador gr\u00e1fico, IA content creator & productor audiovisual, llevo 13 a\u00f1os llevando a la realidad, las ideas m\u00e1s locas.\",\"breadcrumb\":{\"@id\":\"https:\/\/ledzerrodriguez.com\/?page_id=727#breadcrumb\"},\"inLanguage\":\"es-CO\",\"potentialAction\":[{\"@type\":\"ReadAction\",\"target\":[\"https:\/\/ledzerrodriguez.com\/?page_id=727\"]}]},{\"@type\":\"ImageObject\",\"inLanguage\":\"es-CO\",\"@id\":\"https:\/\/ledzerrodriguez.com\/?page_id=727#primaryimage\",\"url\":\"https:\/\/ledzerrodriguez.com\/wp-content\/uploads\/2025\/07\/La-ruta-para-hacer-brillar-tu-tienda-online7.jpg\",\"contentUrl\":\"https:\/\/ledzerrodriguez.com\/wp-content\/uploads\/2025\/07\/La-ruta-para-hacer-brillar-tu-tienda-online7.jpg\",\"width\":2560,\"height\":1440},{\"@type\":\"BreadcrumbList\",\"@id\":\"https:\/\/ledzerrodriguez.com\/?page_id=727#breadcrumb\",\"itemListElement\":[{\"@type\":\"ListItem\",\"position\":1,\"name\":\"Inicio\",\"item\":\"https:\/\/ledzerrodriguez.com\/\"},{\"@type\":\"ListItem\",\"position\":2,\"name\":\"\u00bfQui\u00e9n soy?\"}]},{\"@type\":\"WebSite\",\"@id\":\"https:\/\/ledzerrodriguez.com\/#website\",\"url\":\"https:\/\/ledzerrodriguez.com\/\",\"name\":\"Creatividad Irreverente\",\"description\":\"Portafolio de servicios creativos ofrecidos, para empresas y emprendedores, abarcando desde el Dise\u00f1o gr\u00e1fico, IA, produccion audiovisual y creacion de p\u00e1ginas web.\",\"publisher\":{\"@id\":\"https:\/\/ledzerrodriguez.com\/#organization\"},\"potentialAction\":[{\"@type\":\"SearchAction\",\"target\":{\"@type\":\"EntryPoint\",\"urlTemplate\":\"https:\/\/ledzerrodriguez.com\/?s={search_term_string}\"},\"query-input\":{\"@type\":\"PropertyValueSpecification\",\"valueRequired\":true,\"valueName\":\"search_term_string\"}}],\"inLanguage\":\"es-CO\"},{\"@type\":\"Organization\",\"@id\":\"https:\/\/ledzerrodriguez.com\/#organization\",\"name\":\"Creatividad Irreverente\",\"url\":\"https:\/\/ledzerrodriguez.com\/\",\"logo\":{\"@type\":\"ImageObject\",\"inLanguage\":\"es-CO\",\"@id\":\"https:\/\/ledzerrodriguez.com\/#\/schema\/logo\/image\/\",\"url\":\"https:\/\/ledzerrodriguez.com\/wp-content\/uploads\/2025\/07\/cropped-Favicon-ledzer.png\",\"contentUrl\":\"https:\/\/ledzerrodriguez.com\/wp-content\/uploads\/2025\/07\/cropped-Favicon-ledzer.png\",\"width\":512,\"height\":512,\"caption\":\"Creatividad Irreverente\"},\"image\":{\"@id\":\"https:\/\/ledzerrodriguez.com\/#\/schema\/logo\/image\/\"}}]}<\/script>\n<!-- \/ Yoast SEO plugin. -->","yoast_head_json":{"title":"\u00bfQui\u00e9n soy?","description":"\u00bfQui\u00e9n soy? Dise\u00f1ador gr\u00e1fico, IA content creator & productor audiovisual, llevo 13 a\u00f1os llevando a la realidad, las ideas m\u00e1s locas.","robots":{"index":"index","follow":"follow","max-snippet":"max-snippet:-1","max-image-preview":"max-image-preview:large","max-video-preview":"max-video-preview:-1"},"canonical":"https:\/\/ledzerrodriguez.com\/?page_id=727","og_locale":"es_ES","og_type":"article","og_title":"\u00bfQui\u00e9n soy?","og_description":"\u00bfQui\u00e9n soy? Dise\u00f1ador gr\u00e1fico, IA content creator & productor audiovisual, llevo 13 a\u00f1os llevando a la realidad, las ideas m\u00e1s locas.","og_url":"https:\/\/ledzerrodriguez.com\/?page_id=727","og_site_name":"Creatividad Irreverente","article_modified_time":"2025-07-14T16:17:09+00:00","og_image":[{"width":2560,"height":1440,"url":"https:\/\/ledzerrodriguez.com\/wp-content\/uploads\/2025\/07\/La-ruta-para-hacer-brillar-tu-tienda-online7.jpg","type":"image\/jpeg"}],"twitter_card":"summary_large_image","twitter_misc":{"Tiempo de lectura":"2 minutos"},"schema":{"@context":"https:\/\/schema.org","@graph":[{"@type":"WebPage","@id":"https:\/\/ledzerrodriguez.com\/?page_id=727","url":"https:\/\/ledzerrodriguez.com\/?page_id=727","name":"\u00bfQui\u00e9n soy?","isPartOf":{"@id":"https:\/\/ledzerrodriguez.com\/#website"},"primaryImageOfPage":{"@id":"https:\/\/ledzerrodriguez.com\/?page_id=727#primaryimage"},"image":{"@id":"https:\/\/ledzerrodriguez.com\/?page_id=727#primaryimage"},"thumbnailUrl":"https:\/\/ledzerrodriguez.com\/wp-content\/uploads\/2025\/07\/La-ruta-para-hacer-brillar-tu-tienda-online7.jpg","datePublished":"2025-07-01T14:16:42+00:00","dateModified":"2025-07-14T16:17:09+00:00","description":"\u00bfQui\u00e9n soy? Dise\u00f1ador gr\u00e1fico, IA content creator & productor audiovisual, llevo 13 a\u00f1os llevando a la realidad, las ideas m\u00e1s locas.","breadcrumb":{"@id":"https:\/\/ledzerrodriguez.com\/?page_id=727#breadcrumb"},"inLanguage":"es-CO","potentialAction":[{"@type":"ReadAction","target":["https:\/\/ledzerrodriguez.com\/?page_id=727"]}]},{"@type":"ImageObject","inLanguage":"es-CO","@id":"https:\/\/ledzerrodriguez.com\/?page_id=727#primaryimage","url":"https:\/\/ledzerrodriguez.com\/wp-content\/uploads\/2025\/07\/La-ruta-para-hacer-brillar-tu-tienda-online7.jpg","contentUrl":"https:\/\/ledzerrodriguez.com\/wp-content\/uploads\/2025\/07\/La-ruta-para-hacer-brillar-tu-tienda-online7.jpg","width":2560,"height":1440},{"@type":"BreadcrumbList","@id":"https:\/\/ledzerrodriguez.com\/?page_id=727#breadcrumb","itemListElement":[{"@type":"ListItem","position":1,"name":"Inicio","item":"https:\/\/ledzerrodriguez.com\/"},{"@type":"ListItem","position":2,"name":"\u00bfQui\u00e9n soy?"}]},{"@type":"WebSite","@id":"https:\/\/ledzerrodriguez.com\/#website","url":"https:\/\/ledzerrodriguez.com\/","name":"Creatividad Irreverente","description":"Portafolio de servicios creativos ofrecidos, para empresas y emprendedores, abarcando desde el Dise\u00f1o gr\u00e1fico, IA, produccion audiovisual y creacion de p\u00e1ginas web.","publisher":{"@id":"https:\/\/ledzerrodriguez.com\/#organization"},"potentialAction":[{"@type":"SearchAction","target":{"@type":"EntryPoint","urlTemplate":"https:\/\/ledzerrodriguez.com\/?s={search_term_string}"},"query-input":{"@type":"PropertyValueSpecification","valueRequired":true,"valueName":"search_term_string"}}],"inLanguage":"es-CO"},{"@type":"Organization","@id":"https:\/\/ledzerrodriguez.com\/#organization","name":"Creatividad Irreverente","url":"https:\/\/ledzerrodriguez.com\/","logo":{"@type":"ImageObject","inLanguage":"es-CO","@id":"https:\/\/ledzerrodriguez.com\/#\/schema\/logo\/image\/","url":"https:\/\/ledzerrodriguez.com\/wp-content\/uploads\/2025\/07\/cropped-Favicon-ledzer.png","contentUrl":"https:\/\/ledzerrodriguez.com\/wp-content\/uploads\/2025\/07\/cropped-Favicon-ledzer.png","width":512,"height":512,"caption":"Creatividad Irreverente"},"image":{"@id":"https:\/\/ledzerrodriguez.com\/#\/schema\/logo\/image\/"}}]}},"_links":{"self":[{"href":"https:\/\/ledzerrodriguez.com\/index.php?rest_route=\/wp\/v2\/pages\/727","targetHints":{"allow":["GET"]}}],"collection":[{"href":"https:\/\/ledzerrodriguez.com\/index.php?rest_route=\/wp\/v2\/pages"}],"about":[{"href":"https:\/\/ledzerrodriguez.com\/index.php?rest_route=\/wp\/v2\/types\/page"}],"author":[{"embeddable":true,"href":"https:\/\/ledzerrodriguez.com\/index.php?rest_route=\/wp\/v2\/users\/1"}],"replies":[{"embeddable":true,"href":"https:\/\/ledzerrodriguez.com\/index.php?rest_route=%2Fwp%2Fv2%2Fcomments&post=727"}],"version-history":[{"count":60,"href":"https:\/\/ledzerrodriguez.com\/index.php?rest_route=\/wp\/v2\/pages\/727\/revisions"}],"predecessor-version":[{"id":981,"href":"https:\/\/ledzerrodriguez.com\/index.php?rest_route=\/wp\/v2\/pages\/727\/revisions\/981"}],"wp:featuredmedia":[{"embeddable":true,"href":"https:\/\/ledzerrodriguez.com\/index.php?rest_route=\/wp\/v2\/media\/833"}],"wp:attachment":[{"href":"https:\/\/ledzerrodriguez.com\/index.php?rest_route=%2Fwp%2Fv2%2Fmedia&parent=727"}],"curies":[{"name":"wp","href":"https:\/\/api.w.org\/{rel}","templated":true}]}}